{"id":224,"date":"2024-03-07T11:10:17","date_gmt":"2024-03-07T11:10:17","guid":{"rendered":"https:\/\/investigation.fundacionbobath.org\/?page_id=224"},"modified":"2024-03-07T13:10:11","modified_gmt":"2024-03-07T13:10:11","slug":"about-2","status":"publish","type":"page","link":"https:\/\/investigation.fundacionbobath.org\/?page_id=224","title":{"rendered":"Nuestro Trabajo"},"content":{"rendered":"\t\t<div data-elementor-type=\"wp-page\" data-elementor-id=\"224\" class=\"elementor elementor-224\" data-elementor-post-type=\"page\">\n\t\t\t\t<div class=\"elementor-element elementor-element-50dbce45 e-flex e-con-boxed e-con e-parent\" data-id=\"50dbce45\" data-element_type=\"container\">\n\t\t\t\t\t<div class=\"e-con-inner\">\n\t\t\t\t<div class=\"elementor-element elementor-element-4bda2ee8 elementor-widget elementor-widget-heading\" data-id=\"4bda2ee8\" data-element_type=\"widget\" data-widget_type=\"heading.default\">\n\t\t\t\t<div class=\"elementor-widget-container\">\n\t\t\t<style>\/*! elementor - v3.23.0 - 05-08-2024 *\/\n.elementor-heading-title{padding:0;margin:0;line-height:1}.elementor-widget-heading .elementor-heading-title[class*=elementor-size-]>a{color:inherit;font-size:inherit;line-height:inherit}.elementor-widget-heading .elementor-heading-title.elementor-size-small{font-size:15px}.elementor-widget-heading .elementor-heading-title.elementor-size-medium{font-size:19px}.elementor-widget-heading .elementor-heading-title.elementor-size-large{font-size:29px}.elementor-widget-heading .elementor-heading-title.elementor-size-xl{font-size:39px}.elementor-widget-heading .elementor-heading-title.elementor-size-xxl{font-size:59px}<\/style><h2 class=\"elementor-heading-title elementor-size-default\">NUESTRO TRABAJO <\/h2>\t\t<\/div>\n\t\t\t\t<\/div>\n\t\t\t\t\t<\/div>\n\t\t\t\t<\/div>\n\t\t<div class=\"elementor-element elementor-element-c7cc60b e-flex e-con-boxed e-con e-parent\" data-id=\"c7cc60b\" data-element_type=\"container\">\n\t\t\t\t\t<div class=\"e-con-inner\">\n\t\t\t\t<div class=\"elementor-element elementor-element-a83050a e-transform elementor-widget elementor-widget-text-editor\" data-id=\"a83050a\" data-element_type=\"widget\" data-settings=\"{&quot;_transform_translateX_effect&quot;:{&quot;unit&quot;:&quot;px&quot;,&quot;size&quot;:0,&quot;sizes&quot;:[]},&quot;_transform_translateY_effect&quot;:{&quot;unit&quot;:&quot;px&quot;,&quot;size&quot;:0,&quot;sizes&quot;:[]},&quot;_transform_translateX_effect_tablet&quot;:{&quot;unit&quot;:&quot;px&quot;,&quot;size&quot;:&quot;&quot;,&quot;sizes&quot;:[]},&quot;_transform_translateX_effect_mobile&quot;:{&quot;unit&quot;:&quot;px&quot;,&quot;size&quot;:&quot;&quot;,&quot;sizes&quot;:[]},&quot;_transform_translateY_effect_tablet&quot;:{&quot;unit&quot;:&quot;px&quot;,&quot;size&quot;:&quot;&quot;,&quot;sizes&quot;:[]},&quot;_transform_translateY_effect_mobile&quot;:{&quot;unit&quot;:&quot;px&quot;,&quot;size&quot;:&quot;&quot;,&quot;sizes&quot;:[]}}\" data-widget_type=\"text-editor.default\">\n\t\t\t\t<div class=\"elementor-widget-container\">\n\t\t\t<style>\/*! elementor - v3.23.0 - 05-08-2024 *\/\n.elementor-widget-text-editor.elementor-drop-cap-view-stacked .elementor-drop-cap{background-color:#69727d;color:#fff}.elementor-widget-text-editor.elementor-drop-cap-view-framed .elementor-drop-cap{color:#69727d;border:3px solid;background-color:transparent}.elementor-widget-text-editor:not(.elementor-drop-cap-view-default) .elementor-drop-cap{margin-top:8px}.elementor-widget-text-editor:not(.elementor-drop-cap-view-default) .elementor-drop-cap-letter{width:1em;height:1em}.elementor-widget-text-editor .elementor-drop-cap{float:left;text-align:center;line-height:1;font-size:50px}.elementor-widget-text-editor .elementor-drop-cap-letter{display:inline-block}<\/style>\t\t\t\t<p>La Fundaci\u00f3n BOBATH, en sus distintos servicios (Atenci\u00f3n Temprana, Colegio de Educaci\u00f3n Especial y Centro de Adultos), trabaja para la mejora o el mantenimiento de las funciones que, en la persona afectada, han sufrido un menoscabo debido a una lesi\u00f3n o da\u00f1o cerebral.<\/p><p>Los profesionales, expertos en la evaluaci\u00f3n y tratamiento de la patolog\u00eda de origen neurol\u00f3gico, (fisioterapeutas, terapeutas ocupacionales, logopedas, maestros de educaci\u00f3n especial y pedagogos, psic\u00f3logos y neuropsic\u00f3logos) actuamos en equipo y de forma coordinada, con el prop\u00f3sito de atender las necesidades de cada persona desde una perspectiva global.<\/p><p>En esta secci\u00f3n mostramos diferentes ejemplos de intervenci\u00f3n, con el objetivo de dar a conocer y divulgar la metodolog\u00eda en la que se basa nuestro trabajo.<\/p>\t\t\t\t\t\t<\/div>\n\t\t\t\t<\/div>\n\t\t\t\t\t<\/div>\n\t\t\t\t<\/div>\n\t\t\t\t<\/div>\n\t\t","protected":false},"excerpt":{"rendered":"<p>NUESTRO TRABAJO La Fundaci\u00f3n BOBATH, en sus distintos servicios (Atenci\u00f3n Temprana, Colegio de Educaci\u00f3n Especial y Centro de Adultos), trabaja para la mejora o el mantenimiento de las funciones que, en la persona afectada, han sufrido un menoscabo debido a una lesi\u00f3n o da\u00f1o cerebral. Los profesionales, expertos en la evaluaci\u00f3n y tratamiento de la [&hellip;]<\/p>\n","protected":false},"author":1,"featured_media":228,"parent":0,"menu_order":0,"comment_status":"closed","ping_status":"closed","template":"elementor_header_footer","meta":{"footnotes":""},"class_list":["post-224","page","type-page","status-publish","has-post-thumbnail","hentry"],"_links":{"self":[{"href":"https:\/\/investigation.fundacionbobath.org\/index.php?rest_route=\/wp\/v2\/pages\/224","targetHints":{"allow":["GET"]}}],"collection":[{"href":"https:\/\/investigation.fundacionbobath.org\/index.php?rest_route=\/wp\/v2\/pages"}],"about":[{"href":"https:\/\/investigation.fundacionbobath.org\/index.php?rest_route=\/wp\/v2\/types\/page"}],"author":[{"embeddable":true,"href":"https:\/\/investigation.fundacionbobath.org\/index.php?rest_route=\/wp\/v2\/users\/1"}],"replies":[{"embeddable":true,"href":"https:\/\/investigation.fundacionbobath.org\/index.php?rest_route=%2Fwp%2Fv2%2Fcomments&post=224"}],"version-history":[{"count":14,"href":"https:\/\/investigation.fundacionbobath.org\/index.php?rest_route=\/wp\/v2\/pages\/224\/revisions"}],"predecessor-version":[{"id":315,"href":"https:\/\/investigation.fundacionbobath.org\/index.php?rest_route=\/wp\/v2\/pages\/224\/revisions\/315"}],"wp:featuredmedia":[{"embeddable":true,"href":"https:\/\/investigation.fundacionbobath.org\/index.php?rest_route=\/wp\/v2\/media\/228"}],"wp:attachment":[{"href":"https:\/\/investigation.fundacionbobath.org\/index.php?rest_route=%2Fwp%2Fv2%2Fmedia&parent=224"}],"curies":[{"name":"wp","href":"https:\/\/api.w.org\/{rel}","templated":true}]}}